{"id":1108,"date":"2024-03-22T06:01:28","date_gmt":"2024-03-22T06:01:28","guid":{"rendered":"https:\/\/tuttoeoltre.it\/?page_id=1108"},"modified":"2024-03-22T06:04:11","modified_gmt":"2024-03-22T06:04:11","slug":"donazioni","status":"publish","type":"page","link":"https:\/\/tuttoeoltre.it\/index.php\/donazioni\/","title":{"rendered":"Donazioni"},"content":{"rendered":"\n<p>Offrimi un caff\u00e8 e contribuisci alla crescita del Blog (metodo di pagamento PayPal)<\/p>\n\n\n\n<form action=\"https:\/\/www.paypal.com\/donate\" method=\"post\" target=\"_top\">\n<input type=\"hidden\" name=\"hosted_button_id\" value=\"262FZK8VCS4M6\" \/>\n<input type=\"image\" src=\"https:\/\/www.paypalobjects.com\/it_IT\/IT\/i\/btn\/btn_donateCC_LG.gif\" border=\"0\" name=\"submit\" title=\"PayPal - The safer, easier way to pay online!\" alt=\"Fai una donazione con il pulsante PayPal\" \/>\n<img data-recalc-dims=\"1\" loading=\"lazy\" decoding=\"async\" alt=\"\" border=\"0\" src=\"https:\/\/i0.wp.com\/www.paypal.com\/it_IT\/i\/scr\/pixel.gif?resize=1%2C1&#038;ssl=1\" width=\"1\" height=\"1\" \/>\n<\/form>\n\n","protected":false},"excerpt":{"rendered":"<p>Offrimi un caff\u00e8 e contribuisci alla crescita del Blog (metodo di pagamento PayPal)<\/p>\n","protected":false},"author":1,"featured_media":0,"parent":0,"menu_order":0,"comment_status":"closed","ping_status":"closed","template":"","meta":{"_monsterinsights_skip_tracking":false,"_monsterinsights_sitenote_active":false,"_monsterinsights_sitenote_note":"","_monsterinsights_sitenote_category":0,"jetpack_post_was_ever_published":false,"footnotes":""},"class_list":["post-1108","page","type-page","status-publish","hentry"],"yoast_head":"<!-- This site is optimized with the Yoast SEO plugin v27.4 - https:\/\/yoast.com\/product\/yoast-seo-wordpress\/ -->\n<title>Donazioni - TuttoeOltre.it - Blog di idee in rete<\/title>\n<meta name=\"robots\" content=\"index, follow, max-snippet:-1, max-image-preview:large, max-video-preview:-1\" \/>\n<link rel=\"canonical\" href=\"https:\/\/tuttoeoltre.it\/index.php\/donazioni\/\" \/>\n<meta property=\"og:locale\" content=\"it_IT\" \/>\n<meta property=\"og:type\" content=\"article\" \/>\n<meta property=\"og:title\" content=\"Donazioni - TuttoeOltre.it - Blog di idee in rete\" \/>\n<meta property=\"og:description\" content=\"Offrimi un caff\u00e8 e contribuisci alla crescita del Blog (metodo di pagamento PayPal)\" \/>\n<meta property=\"og:url\" content=\"https:\/\/tuttoeoltre.it\/index.php\/donazioni\/\" \/>\n<meta property=\"og:site_name\" content=\"TuttoeOltre.it - Blog di idee in rete\" \/>\n<meta property=\"article:modified_time\" content=\"2024-03-22T06:04:11+00:00\" \/>\n<meta property=\"og:image\" content=\"https:\/\/www.paypal.com\/it_IT\/i\/scr\/pixel.gif\" \/>\n<meta name=\"twitter:card\" content=\"summary_large_image\" \/>\n<meta name=\"twitter:label1\" content=\"Tempo di lettura stimato\" \/>\n\t<meta name=\"twitter:data1\" content=\"1 minuto\" \/>\n<script type=\"application\/ld+json\" class=\"yoast-schema-graph\">{\"@context\":\"https:\\\/\\\/schema.org\",\"@graph\":[{\"@type\":\"WebPage\",\"@id\":\"https:\\\/\\\/tuttoeoltre.it\\\/index.php\\\/donazioni\\\/\",\"url\":\"https:\\\/\\\/tuttoeoltre.it\\\/index.php\\\/donazioni\\\/\",\"name\":\"Donazioni - TuttoeOltre.it - Blog di idee in rete\",\"isPartOf\":{\"@id\":\"https:\\\/\\\/tuttoeoltre.it\\\/#website\"},\"primaryImageOfPage\":{\"@id\":\"https:\\\/\\\/tuttoeoltre.it\\\/index.php\\\/donazioni\\\/#primaryimage\"},\"image\":{\"@id\":\"https:\\\/\\\/tuttoeoltre.it\\\/index.php\\\/donazioni\\\/#primaryimage\"},\"thumbnailUrl\":\"https:\\\/\\\/www.paypal.com\\\/it_IT\\\/i\\\/scr\\\/pixel.gif\",\"datePublished\":\"2024-03-22T06:01:28+00:00\",\"dateModified\":\"2024-03-22T06:04:11+00:00\",\"breadcrumb\":{\"@id\":\"https:\\\/\\\/tuttoeoltre.it\\\/index.php\\\/donazioni\\\/#breadcrumb\"},\"inLanguage\":\"it-IT\",\"potentialAction\":[{\"@type\":\"ReadAction\",\"target\":[\"https:\\\/\\\/tuttoeoltre.it\\\/index.php\\\/donazioni\\\/\"]}]},{\"@type\":\"ImageObject\",\"inLanguage\":\"it-IT\",\"@id\":\"https:\\\/\\\/tuttoeoltre.it\\\/index.php\\\/donazioni\\\/#primaryimage\",\"url\":\"https:\\\/\\\/www.paypal.com\\\/it_IT\\\/i\\\/scr\\\/pixel.gif\",\"contentUrl\":\"https:\\\/\\\/www.paypal.com\\\/it_IT\\\/i\\\/scr\\\/pixel.gif\"},{\"@type\":\"BreadcrumbList\",\"@id\":\"https:\\\/\\\/tuttoeoltre.it\\\/index.php\\\/donazioni\\\/#breadcrumb\",\"itemListElement\":[{\"@type\":\"ListItem\",\"position\":1,\"name\":\"Home\",\"item\":\"https:\\\/\\\/tuttoeoltre.it\\\/\"},{\"@type\":\"ListItem\",\"position\":2,\"name\":\"Donazioni\"}]},{\"@type\":\"WebSite\",\"@id\":\"https:\\\/\\\/tuttoeoltre.it\\\/#website\",\"url\":\"https:\\\/\\\/tuttoeoltre.it\\\/\",\"name\":\"TuttoeOltre.it - Blog di idee in rete\",\"description\":\"Ci\u00f2 che rende l&#039;informatica cos\u00ec affascinante \u00e8 che ci\u00f2 che immaginiamo pu\u00f2 diventare realt\u00e0 digitale, e ogni riga di codice \u00e8 una porta aperta all&#039;infinita creativit\u00e0.\",\"publisher\":{\"@id\":\"https:\\\/\\\/tuttoeoltre.it\\\/#\\\/schema\\\/person\\\/88d9b157c817df7e084c6b2658d40e83\"},\"alternateName\":\"Tutto e Oltre\",\"potentialAction\":[{\"@type\":\"SearchAction\",\"target\":{\"@type\":\"EntryPoint\",\"urlTemplate\":\"https:\\\/\\\/tuttoeoltre.it\\\/?s={search_term_string}\"},\"query-input\":{\"@type\":\"PropertyValueSpecification\",\"valueRequired\":true,\"valueName\":\"search_term_string\"}}],\"inLanguage\":\"it-IT\"},{\"@type\":[\"Person\",\"Organization\"],\"@id\":\"https:\\\/\\\/tuttoeoltre.it\\\/#\\\/schema\\\/person\\\/88d9b157c817df7e084c6b2658d40e83\",\"name\":\"Claudio Ferri\",\"image\":{\"@type\":\"ImageObject\",\"inLanguage\":\"it-IT\",\"@id\":\"https:\\\/\\\/i0.wp.com\\\/tuttoeoltre.it\\\/wp-content\\\/uploads\\\/2024\\\/03\\\/loonapix_1710681819219389968-1.png?fit=360%2C360&ssl=1\",\"url\":\"https:\\\/\\\/i0.wp.com\\\/tuttoeoltre.it\\\/wp-content\\\/uploads\\\/2024\\\/03\\\/loonapix_1710681819219389968-1.png?fit=360%2C360&ssl=1\",\"contentUrl\":\"https:\\\/\\\/i0.wp.com\\\/tuttoeoltre.it\\\/wp-content\\\/uploads\\\/2024\\\/03\\\/loonapix_1710681819219389968-1.png?fit=360%2C360&ssl=1\",\"width\":360,\"height\":360,\"caption\":\"Claudio Ferri\"},\"logo\":{\"@id\":\"https:\\\/\\\/i0.wp.com\\\/tuttoeoltre.it\\\/wp-content\\\/uploads\\\/2024\\\/03\\\/loonapix_1710681819219389968-1.png?fit=360%2C360&ssl=1\"},\"description\":\"Live, Work, Create and Skelereate! \u270c\ufe0f\",\"sameAs\":[\"https:\\\/\\\/tuttoeoltre.it\"]}]}<\/script>\n<!-- \/ Yoast SEO plugin. -->","yoast_head_json":{"title":"Donazioni - TuttoeOltre.it - Blog di idee in rete","robots":{"index":"index","follow":"follow","max-snippet":"max-snippet:-1","max-image-preview":"max-image-preview:large","max-video-preview":"max-video-preview:-1"},"canonical":"https:\/\/tuttoeoltre.it\/index.php\/donazioni\/","og_locale":"it_IT","og_type":"article","og_title":"Donazioni - TuttoeOltre.it - Blog di idee in rete","og_description":"Offrimi un caff\u00e8 e contribuisci alla crescita del Blog (metodo di pagamento PayPal)","og_url":"https:\/\/tuttoeoltre.it\/index.php\/donazioni\/","og_site_name":"TuttoeOltre.it - Blog di idee in rete","article_modified_time":"2024-03-22T06:04:11+00:00","og_image":[{"url":"https:\/\/www.paypal.com\/it_IT\/i\/scr\/pixel.gif","type":"","width":"","height":""}],"twitter_card":"summary_large_image","twitter_misc":{"Tempo di lettura stimato":"1 minuto"},"schema":{"@context":"https:\/\/schema.org","@graph":[{"@type":"WebPage","@id":"https:\/\/tuttoeoltre.it\/index.php\/donazioni\/","url":"https:\/\/tuttoeoltre.it\/index.php\/donazioni\/","name":"Donazioni - TuttoeOltre.it - Blog di idee in rete","isPartOf":{"@id":"https:\/\/tuttoeoltre.it\/#website"},"primaryImageOfPage":{"@id":"https:\/\/tuttoeoltre.it\/index.php\/donazioni\/#primaryimage"},"image":{"@id":"https:\/\/tuttoeoltre.it\/index.php\/donazioni\/#primaryimage"},"thumbnailUrl":"https:\/\/www.paypal.com\/it_IT\/i\/scr\/pixel.gif","datePublished":"2024-03-22T06:01:28+00:00","dateModified":"2024-03-22T06:04:11+00:00","breadcrumb":{"@id":"https:\/\/tuttoeoltre.it\/index.php\/donazioni\/#breadcrumb"},"inLanguage":"it-IT","potentialAction":[{"@type":"ReadAction","target":["https:\/\/tuttoeoltre.it\/index.php\/donazioni\/"]}]},{"@type":"ImageObject","inLanguage":"it-IT","@id":"https:\/\/tuttoeoltre.it\/index.php\/donazioni\/#primaryimage","url":"https:\/\/www.paypal.com\/it_IT\/i\/scr\/pixel.gif","contentUrl":"https:\/\/www.paypal.com\/it_IT\/i\/scr\/pixel.gif"},{"@type":"BreadcrumbList","@id":"https:\/\/tuttoeoltre.it\/index.php\/donazioni\/#breadcrumb","itemListElement":[{"@type":"ListItem","position":1,"name":"Home","item":"https:\/\/tuttoeoltre.it\/"},{"@type":"ListItem","position":2,"name":"Donazioni"}]},{"@type":"WebSite","@id":"https:\/\/tuttoeoltre.it\/#website","url":"https:\/\/tuttoeoltre.it\/","name":"TuttoeOltre.it - Blog di idee in rete","description":"Ci\u00f2 che rende l&#039;informatica cos\u00ec affascinante \u00e8 che ci\u00f2 che immaginiamo pu\u00f2 diventare realt\u00e0 digitale, e ogni riga di codice \u00e8 una porta aperta all&#039;infinita creativit\u00e0.","publisher":{"@id":"https:\/\/tuttoeoltre.it\/#\/schema\/person\/88d9b157c817df7e084c6b2658d40e83"},"alternateName":"Tutto e Oltre","potentialAction":[{"@type":"SearchAction","target":{"@type":"EntryPoint","urlTemplate":"https:\/\/tuttoeoltre.it\/?s={search_term_string}"},"query-input":{"@type":"PropertyValueSpecification","valueRequired":true,"valueName":"search_term_string"}}],"inLanguage":"it-IT"},{"@type":["Person","Organization"],"@id":"https:\/\/tuttoeoltre.it\/#\/schema\/person\/88d9b157c817df7e084c6b2658d40e83","name":"Claudio Ferri","image":{"@type":"ImageObject","inLanguage":"it-IT","@id":"https:\/\/i0.wp.com\/tuttoeoltre.it\/wp-content\/uploads\/2024\/03\/loonapix_1710681819219389968-1.png?fit=360%2C360&ssl=1","url":"https:\/\/i0.wp.com\/tuttoeoltre.it\/wp-content\/uploads\/2024\/03\/loonapix_1710681819219389968-1.png?fit=360%2C360&ssl=1","contentUrl":"https:\/\/i0.wp.com\/tuttoeoltre.it\/wp-content\/uploads\/2024\/03\/loonapix_1710681819219389968-1.png?fit=360%2C360&ssl=1","width":360,"height":360,"caption":"Claudio Ferri"},"logo":{"@id":"https:\/\/i0.wp.com\/tuttoeoltre.it\/wp-content\/uploads\/2024\/03\/loonapix_1710681819219389968-1.png?fit=360%2C360&ssl=1"},"description":"Live, Work, Create and Skelereate! \u270c\ufe0f","sameAs":["https:\/\/tuttoeoltre.it"]}]}},"jetpack-related-posts":[{"id":2,"url":"https:\/\/tuttoeoltre.it\/index.php\/sample-page\/","url_meta":{"origin":1108,"position":0},"title":"Informazioni","author":"Claudio Ferri","date":"Ottobre 24, 2023","format":false,"excerpt":"Motto del sito : Ci\u00f2 che rende l'informatica cos\u00ec affascinante \u00e8 che ci\u00f2 che immaginiamo pu\u00f2 diventare realt\u00e0 digitale, e ogni riga di codice \u00e8 una porta aperta all'infinita creativit\u00e0. Blog personale di Claudio Ferri perito in telecomunicazioni e elettronica e tecnico informatico appassionato di tecnologia in questo sito inserir\u00f2\u2026","rel":"","context":"Articolo simile","block_context":{"text":"Articolo simile","link":""},"img":{"alt_text":"","src":"","width":0,"height":0},"classes":[]}],"jetpack_sharing_enabled":true,"jetpack_likes_enabled":true,"_links":{"self":[{"href":"https:\/\/tuttoeoltre.it\/index.php\/wp-json\/wp\/v2\/pages\/1108","targetHints":{"allow":["GET"]}}],"collection":[{"href":"https:\/\/tuttoeoltre.it\/index.php\/wp-json\/wp\/v2\/pages"}],"about":[{"href":"https:\/\/tuttoeoltre.it\/index.php\/wp-json\/wp\/v2\/types\/page"}],"author":[{"embeddable":true,"href":"https:\/\/tuttoeoltre.it\/index.php\/wp-json\/wp\/v2\/users\/1"}],"replies":[{"embeddable":true,"href":"https:\/\/tuttoeoltre.it\/index.php\/wp-json\/wp\/v2\/comments?post=1108"}],"version-history":[{"count":2,"href":"https:\/\/tuttoeoltre.it\/index.php\/wp-json\/wp\/v2\/pages\/1108\/revisions"}],"predecessor-version":[{"id":1111,"href":"https:\/\/tuttoeoltre.it\/index.php\/wp-json\/wp\/v2\/pages\/1108\/revisions\/1111"}],"wp:attachment":[{"href":"https:\/\/tuttoeoltre.it\/index.php\/wp-json\/wp\/v2\/media?parent=1108"}],"curies":[{"name":"wp","href":"https:\/\/api.w.org\/{rel}","templated":true}]}}