{"id":2,"date":"2023-10-24T13:18:22","date_gmt":"2023-10-24T13:18:22","guid":{"rendered":"https:\/\/tuttoeoltre.it\/?page_id=2"},"modified":"2024-03-17T09:27:44","modified_gmt":"2024-03-17T09:27:44","slug":"sample-page","status":"publish","type":"page","link":"https:\/\/tuttoeoltre.it\/index.php\/sample-page\/","title":{"rendered":"Informazioni"},"content":{"rendered":"\n<p>Motto del sito : Ci\u00f2 che rende l&#8217;informatica cos\u00ec affascinante \u00e8 che ci\u00f2 che immaginiamo pu\u00f2 diventare realt\u00e0 digitale, e ogni riga di codice \u00e8 una porta aperta all&#8217;infinita creativit\u00e0.<\/p>\n\n\n\n<p>Blog personale di Claudio Ferri perito in telecomunicazioni e elettronica e tecnico informatico appassionato di tecnologia in questo sito inserir\u00f2 i miei interessi musica, informatica, letteratura, scienze, sport, progetti ed idee di vario tipo per questo il nome TuttoeOltre.<\/p>\n\n\n\n<p>Seguitemi e commentate.<\/p>\n\n\n\n<p>Buona navigazione.<\/p>\n","protected":false},"excerpt":{"rendered":"<p>Motto del sito : Ci\u00f2 che rende l&#8217;informatica cos\u00ec affascinante \u00e8 che ci\u00f2 che immaginiamo pu\u00f2 diventare realt\u00e0 digitale, e ogni riga di codice \u00e8 una porta aperta all&#8217;infinita creativit\u00e0. Blog personale di Claudio Ferri perito in telecomunicazioni e elettronica e tecnico informatico appassionato di tecnologia in questo sito inserir\u00f2 i miei interessi musica, informatica, [&hellip;]<\/p>\n","protected":false},"author":1,"featured_media":0,"parent":0,"menu_order":0,"comment_status":"closed","ping_status":"closed","template":"","meta":{"_monsterinsights_skip_tracking":false,"_monsterinsights_sitenote_active":false,"_monsterinsights_sitenote_note":"","_monsterinsights_sitenote_category":0,"jetpack_post_was_ever_published":false,"footnotes":""},"class_list":["post-2","page","type-page","status-publish","hentry"],"yoast_head":"<!-- This site is optimized with the Yoast SEO plugin v27.4 - https:\/\/yoast.com\/product\/yoast-seo-wordpress\/ -->\n<title>Informazioni - TuttoeOltre.it - Blog di idee in rete<\/title>\n<meta name=\"robots\" content=\"index, follow, max-snippet:-1, max-image-preview:large, max-video-preview:-1\" \/>\n<link rel=\"canonical\" href=\"https:\/\/tuttoeoltre.it\/index.php\/sample-page\/\" \/>\n<meta property=\"og:locale\" content=\"it_IT\" \/>\n<meta property=\"og:type\" content=\"article\" \/>\n<meta property=\"og:title\" content=\"Informazioni - TuttoeOltre.it - Blog di idee in rete\" \/>\n<meta property=\"og:description\" content=\"Motto del sito : Ci\u00f2 che rende l&#8217;informatica cos\u00ec affascinante \u00e8 che ci\u00f2 che immaginiamo pu\u00f2 diventare realt\u00e0 digitale, e ogni riga di codice \u00e8 una porta aperta all&#8217;infinita creativit\u00e0. Blog personale di Claudio Ferri perito in telecomunicazioni e elettronica e tecnico informatico appassionato di tecnologia in questo sito inserir\u00f2 i miei interessi musica, informatica, [&hellip;]\" \/>\n<meta property=\"og:url\" content=\"https:\/\/tuttoeoltre.it\/index.php\/sample-page\/\" \/>\n<meta property=\"og:site_name\" content=\"TuttoeOltre.it - Blog di idee in rete\" \/>\n<meta property=\"article:modified_time\" content=\"2024-03-17T09:27:44+00:00\" \/>\n<meta property=\"og:image\" content=\"https:\/\/i0.wp.com\/tuttoeoltre.it\/wp-content\/uploads\/2023\/10\/wp-1698404351692.jpg?fit=1843%2C1843&ssl=1\" \/>\n\t<meta property=\"og:image:width\" content=\"1843\" \/>\n\t<meta property=\"og:image:height\" content=\"1843\" \/>\n\t<meta property=\"og:image:type\" content=\"image\/jpeg\" \/>\n<meta name=\"twitter:card\" content=\"summary_large_image\" \/>\n<meta name=\"twitter:label1\" content=\"Tempo di lettura stimato\" \/>\n\t<meta name=\"twitter:data1\" content=\"1 minuto\" \/>\n<script type=\"application\/ld+json\" class=\"yoast-schema-graph\">{\"@context\":\"https:\\\/\\\/schema.org\",\"@graph\":[{\"@type\":\"WebPage\",\"@id\":\"https:\\\/\\\/tuttoeoltre.it\\\/index.php\\\/sample-page\\\/\",\"url\":\"https:\\\/\\\/tuttoeoltre.it\\\/index.php\\\/sample-page\\\/\",\"name\":\"Informazioni - TuttoeOltre.it - Blog di idee in rete\",\"isPartOf\":{\"@id\":\"https:\\\/\\\/tuttoeoltre.it\\\/#website\"},\"datePublished\":\"2023-10-24T13:18:22+00:00\",\"dateModified\":\"2024-03-17T09:27:44+00:00\",\"breadcrumb\":{\"@id\":\"https:\\\/\\\/tuttoeoltre.it\\\/index.php\\\/sample-page\\\/#breadcrumb\"},\"inLanguage\":\"it-IT\",\"potentialAction\":[{\"@type\":\"ReadAction\",\"target\":[\"https:\\\/\\\/tuttoeoltre.it\\\/index.php\\\/sample-page\\\/\"]}]},{\"@type\":\"BreadcrumbList\",\"@id\":\"https:\\\/\\\/tuttoeoltre.it\\\/index.php\\\/sample-page\\\/#breadcrumb\",\"itemListElement\":[{\"@type\":\"ListItem\",\"position\":1,\"name\":\"Home\",\"item\":\"https:\\\/\\\/tuttoeoltre.it\\\/\"},{\"@type\":\"ListItem\",\"position\":2,\"name\":\"Informazioni\"}]},{\"@type\":\"WebSite\",\"@id\":\"https:\\\/\\\/tuttoeoltre.it\\\/#website\",\"url\":\"https:\\\/\\\/tuttoeoltre.it\\\/\",\"name\":\"TuttoeOltre.it - Blog di idee in rete\",\"description\":\"Ci\u00f2 che rende l&#039;informatica cos\u00ec affascinante \u00e8 che ci\u00f2 che immaginiamo pu\u00f2 diventare realt\u00e0 digitale, e ogni riga di codice \u00e8 una porta aperta all&#039;infinita creativit\u00e0.\",\"publisher\":{\"@id\":\"https:\\\/\\\/tuttoeoltre.it\\\/#\\\/schema\\\/person\\\/88d9b157c817df7e084c6b2658d40e83\"},\"alternateName\":\"Tutto e Oltre\",\"potentialAction\":[{\"@type\":\"SearchAction\",\"target\":{\"@type\":\"EntryPoint\",\"urlTemplate\":\"https:\\\/\\\/tuttoeoltre.it\\\/?s={search_term_string}\"},\"query-input\":{\"@type\":\"PropertyValueSpecification\",\"valueRequired\":true,\"valueName\":\"search_term_string\"}}],\"inLanguage\":\"it-IT\"},{\"@type\":[\"Person\",\"Organization\"],\"@id\":\"https:\\\/\\\/tuttoeoltre.it\\\/#\\\/schema\\\/person\\\/88d9b157c817df7e084c6b2658d40e83\",\"name\":\"Claudio Ferri\",\"image\":{\"@type\":\"ImageObject\",\"inLanguage\":\"it-IT\",\"@id\":\"https:\\\/\\\/i0.wp.com\\\/tuttoeoltre.it\\\/wp-content\\\/uploads\\\/2024\\\/03\\\/loonapix_1710681819219389968-1.png?fit=360%2C360&ssl=1\",\"url\":\"https:\\\/\\\/i0.wp.com\\\/tuttoeoltre.it\\\/wp-content\\\/uploads\\\/2024\\\/03\\\/loonapix_1710681819219389968-1.png?fit=360%2C360&ssl=1\",\"contentUrl\":\"https:\\\/\\\/i0.wp.com\\\/tuttoeoltre.it\\\/wp-content\\\/uploads\\\/2024\\\/03\\\/loonapix_1710681819219389968-1.png?fit=360%2C360&ssl=1\",\"width\":360,\"height\":360,\"caption\":\"Claudio Ferri\"},\"logo\":{\"@id\":\"https:\\\/\\\/i0.wp.com\\\/tuttoeoltre.it\\\/wp-content\\\/uploads\\\/2024\\\/03\\\/loonapix_1710681819219389968-1.png?fit=360%2C360&ssl=1\"},\"description\":\"Live, Work, Create and Skelereate! \u270c\ufe0f\",\"sameAs\":[\"https:\\\/\\\/tuttoeoltre.it\"]}]}<\/script>\n<!-- \/ Yoast SEO plugin. -->","yoast_head_json":{"title":"Informazioni - TuttoeOltre.it - Blog di idee in rete","robots":{"index":"index","follow":"follow","max-snippet":"max-snippet:-1","max-image-preview":"max-image-preview:large","max-video-preview":"max-video-preview:-1"},"canonical":"https:\/\/tuttoeoltre.it\/index.php\/sample-page\/","og_locale":"it_IT","og_type":"article","og_title":"Informazioni - TuttoeOltre.it - Blog di idee in rete","og_description":"Motto del sito : Ci\u00f2 che rende l&#8217;informatica cos\u00ec affascinante \u00e8 che ci\u00f2 che immaginiamo pu\u00f2 diventare realt\u00e0 digitale, e ogni riga di codice \u00e8 una porta aperta all&#8217;infinita creativit\u00e0. Blog personale di Claudio Ferri perito in telecomunicazioni e elettronica e tecnico informatico appassionato di tecnologia in questo sito inserir\u00f2 i miei interessi musica, informatica, [&hellip;]","og_url":"https:\/\/tuttoeoltre.it\/index.php\/sample-page\/","og_site_name":"TuttoeOltre.it - Blog di idee in rete","article_modified_time":"2024-03-17T09:27:44+00:00","og_image":[{"width":1843,"height":1843,"url":"https:\/\/i0.wp.com\/tuttoeoltre.it\/wp-content\/uploads\/2023\/10\/wp-1698404351692.jpg?fit=1843%2C1843&ssl=1","type":"image\/jpeg"}],"twitter_card":"summary_large_image","twitter_misc":{"Tempo di lettura stimato":"1 minuto"},"schema":{"@context":"https:\/\/schema.org","@graph":[{"@type":"WebPage","@id":"https:\/\/tuttoeoltre.it\/index.php\/sample-page\/","url":"https:\/\/tuttoeoltre.it\/index.php\/sample-page\/","name":"Informazioni - TuttoeOltre.it - Blog di idee in rete","isPartOf":{"@id":"https:\/\/tuttoeoltre.it\/#website"},"datePublished":"2023-10-24T13:18:22+00:00","dateModified":"2024-03-17T09:27:44+00:00","breadcrumb":{"@id":"https:\/\/tuttoeoltre.it\/index.php\/sample-page\/#breadcrumb"},"inLanguage":"it-IT","potentialAction":[{"@type":"ReadAction","target":["https:\/\/tuttoeoltre.it\/index.php\/sample-page\/"]}]},{"@type":"BreadcrumbList","@id":"https:\/\/tuttoeoltre.it\/index.php\/sample-page\/#breadcrumb","itemListElement":[{"@type":"ListItem","position":1,"name":"Home","item":"https:\/\/tuttoeoltre.it\/"},{"@type":"ListItem","position":2,"name":"Informazioni"}]},{"@type":"WebSite","@id":"https:\/\/tuttoeoltre.it\/#website","url":"https:\/\/tuttoeoltre.it\/","name":"TuttoeOltre.it - Blog di idee in rete","description":"Ci\u00f2 che rende l&#039;informatica cos\u00ec affascinante \u00e8 che ci\u00f2 che immaginiamo pu\u00f2 diventare realt\u00e0 digitale, e ogni riga di codice \u00e8 una porta aperta all&#039;infinita creativit\u00e0.","publisher":{"@id":"https:\/\/tuttoeoltre.it\/#\/schema\/person\/88d9b157c817df7e084c6b2658d40e83"},"alternateName":"Tutto e Oltre","potentialAction":[{"@type":"SearchAction","target":{"@type":"EntryPoint","urlTemplate":"https:\/\/tuttoeoltre.it\/?s={search_term_string}"},"query-input":{"@type":"PropertyValueSpecification","valueRequired":true,"valueName":"search_term_string"}}],"inLanguage":"it-IT"},{"@type":["Person","Organization"],"@id":"https:\/\/tuttoeoltre.it\/#\/schema\/person\/88d9b157c817df7e084c6b2658d40e83","name":"Claudio Ferri","image":{"@type":"ImageObject","inLanguage":"it-IT","@id":"https:\/\/i0.wp.com\/tuttoeoltre.it\/wp-content\/uploads\/2024\/03\/loonapix_1710681819219389968-1.png?fit=360%2C360&ssl=1","url":"https:\/\/i0.wp.com\/tuttoeoltre.it\/wp-content\/uploads\/2024\/03\/loonapix_1710681819219389968-1.png?fit=360%2C360&ssl=1","contentUrl":"https:\/\/i0.wp.com\/tuttoeoltre.it\/wp-content\/uploads\/2024\/03\/loonapix_1710681819219389968-1.png?fit=360%2C360&ssl=1","width":360,"height":360,"caption":"Claudio Ferri"},"logo":{"@id":"https:\/\/i0.wp.com\/tuttoeoltre.it\/wp-content\/uploads\/2024\/03\/loonapix_1710681819219389968-1.png?fit=360%2C360&ssl=1"},"description":"Live, Work, Create and Skelereate! \u270c\ufe0f","sameAs":["https:\/\/tuttoeoltre.it"]}]}},"jetpack-related-posts":[{"id":3,"url":"https:\/\/tuttoeoltre.it\/index.php\/privacy-policy\/","url_meta":{"origin":2,"position":0},"title":"Privacy Policy","author":"Claudio Ferri","date":"Ottobre 24, 2023","format":false,"excerpt":"PRIVACY POLICY I \u2013INFORMAZIONI RELATIVE ALLA PRIVACY POLICY DEL SITO 1. In questa sezione sono contenute le informazioni relative alle modalit\u00e0 di gestione di TuttoeOltre.it in riferimento alle trattamento dei dati degli utenti di TuttoeOltre.it . 2. La presente informativa ha valore anche ai fini dell\u2019art. 13 del D.lgs. n.\u2026","rel":"","context":"In &quot;privacy&quot;","block_context":{"text":"privacy","link":"https:\/\/tuttoeoltre.it\/index.php\/category\/privacy\/"},"img":{"alt_text":"","src":"","width":0,"height":0},"classes":[]}],"jetpack_sharing_enabled":true,"jetpack_likes_enabled":true,"_links":{"self":[{"href":"https:\/\/tuttoeoltre.it\/index.php\/wp-json\/wp\/v2\/pages\/2","targetHints":{"allow":["GET"]}}],"collection":[{"href":"https:\/\/tuttoeoltre.it\/index.php\/wp-json\/wp\/v2\/pages"}],"about":[{"href":"https:\/\/tuttoeoltre.it\/index.php\/wp-json\/wp\/v2\/types\/page"}],"author":[{"embeddable":true,"href":"https:\/\/tuttoeoltre.it\/index.php\/wp-json\/wp\/v2\/users\/1"}],"replies":[{"embeddable":true,"href":"https:\/\/tuttoeoltre.it\/index.php\/wp-json\/wp\/v2\/comments?post=2"}],"version-history":[{"count":4,"href":"https:\/\/tuttoeoltre.it\/index.php\/wp-json\/wp\/v2\/pages\/2\/revisions"}],"predecessor-version":[{"id":918,"href":"https:\/\/tuttoeoltre.it\/index.php\/wp-json\/wp\/v2\/pages\/2\/revisions\/918"}],"wp:attachment":[{"href":"https:\/\/tuttoeoltre.it\/index.php\/wp-json\/wp\/v2\/media?parent=2"}],"curies":[{"name":"wp","href":"https:\/\/api.w.org\/{rel}","templated":true}]}}